{"id":95,"date":"2019-03-18T20:43:07","date_gmt":"2019-03-18T19:43:07","guid":{"rendered":"http:\/\/10.255.1.71\/?page_id=95"},"modified":"2023-03-08T12:07:36","modified_gmt":"2023-03-08T11:07:36","slug":"hjem","status":"publish","type":"page","link":"https:\/\/furlandkager.dk\/","title":{"rendered":"Hjem"},"content":{"rendered":"\t\t<div data-elementor-type=\"wp-post\" data-elementor-id=\"95\" class=\"elementor elementor-95\" data-elementor-post-type=\"page\">\n\t\t\t\t\t\t<section class=\"elementor-section elementor-top-section elementor-element elementor-element-b6bd536 elementor-section-boxed elementor-section-height-default elementor-section-height-default\" data-id=\"b6bd536\" data-element_type=\"section\" data-e-type=\"section\">\n\t\t\t\t\t\t<div class=\"elementor-container elementor-column-gap-wider\">\n\t\t\t\t\t<div class=\"elementor-column elementor-col-100 elementor-top-column elementor-element elementor-element-58176ef\" data-id=\"58176ef\" data-element_type=\"column\" data-e-type=\"column\">\n\t\t\t<div class=\"elementor-widget-wrap elementor-element-populated\">\n\t\t\t\t\t\t<section class=\"elementor-section elementor-inner-section elementor-element elementor-element-ba4130a elementor-section-boxed elementor-section-height-default elementor-section-height-default\" data-id=\"ba4130a\" data-element_type=\"section\" data-e-type=\"section\">\n\t\t\t\t\t\t<div class=\"elementor-container elementor-column-gap-default\">\n\t\t\t\t\t<div class=\"elementor-column elementor-col-33 elementor-inner-column elementor-element elementor-element-141952f\" data-id=\"141952f\" data-element_type=\"column\" data-e-type=\"column\">\n\t\t\t<div class=\"elementor-widget-wrap elementor-element-populated\">\n\t\t\t\t\t\t<div class=\"elementor-element elementor-element-89e2b77 elementor-widget elementor-widget-heading\" data-id=\"89e2b77\" data-element_type=\"widget\" data-e-type=\"widget\" data-widget_type=\"heading.default\">\n\t\t\t\t<div class=\"elementor-widget-container\">\n\t\t\t\t\t<h2 class=\"elementor-heading-title elementor-size-large\">Forslag til sommerens fritelser<\/h2>\t\t\t\t<\/div>\n\t\t\t\t<\/div>\n\t\t\t\t<div class=\"elementor-element elementor-element-9842490 elementor-grid-2 elementor-posts--align-left elementor-grid-tablet-2 elementor-grid-mobile-1 elementor-posts--thumbnail-top elementor-widget elementor-widget-posts\" data-id=\"9842490\" data-element_type=\"widget\" data-e-type=\"widget\" data-settings=\"{&quot;classic_columns&quot;:&quot;2&quot;,&quot;classic_row_gap&quot;:{&quot;unit&quot;:&quot;px&quot;,&quot;size&quot;:5,&quot;sizes&quot;:[]},&quot;classic_masonry&quot;:&quot;yes&quot;,&quot;classic_columns_tablet&quot;:&quot;2&quot;,&quot;classic_columns_mobile&quot;:&quot;1&quot;,&quot;classic_row_gap_tablet&quot;:{&quot;unit&quot;:&quot;px&quot;,&quot;size&quot;:&quot;&quot;,&quot;sizes&quot;:[]},&quot;classic_row_gap_mobile&quot;:{&quot;unit&quot;:&quot;px&quot;,&quot;size&quot;:&quot;&quot;,&quot;sizes&quot;:[]}}\" data-widget_type=\"posts.classic\">\n\t\t\t\t<div class=\"elementor-widget-container\">\n\t\t\t\t\t\t\t<div class=\"elementor-posts-container elementor-posts elementor-posts--skin-classic elementor-grid\">\n\t\t\t\t<article class=\"elementor-post elementor-grid-item post-1087 post type-post status-publish format-standard has-post-thumbnail hentry category-blog category-sommer category-taerter tag-alle-opskrifter tag-taerter entry has-media\">\n\t\t\t\t<a class=\"elementor-post__thumbnail__link\" href=\"https:\/\/furlandkager.dk\/index.php\/2020\/05\/24\/baertaerte-med-pistaciemazarin\/\" tabindex=\"-1\" >\n\t\t\t<div class=\"elementor-post__thumbnail\"><img fetchpriority=\"high\" decoding=\"async\" width=\"300\" height=\"200\" src=\"https:\/\/furlandkager.dk\/wp-content\/uploads\/2020\/05\/B\u00e6rt\u00e6rte-3-wordpress.png\" class=\"attachment-medium size-medium wp-image-1090\" alt=\"\" \/><\/div>\n\t\t<\/a>\n\t\t\t\t<div class=\"elementor-post__text\">\n\t\t\t\t<h3 class=\"elementor-post__title\">\n\t\t\t<a href=\"https:\/\/furlandkager.dk\/index.php\/2020\/05\/24\/baertaerte-med-pistaciemazarin\/\" >\n\t\t\t\tB\u00e6rt\u00e6rte med pistaciemazarin\t\t\t<\/a>\n\t\t<\/h3>\n\t\t\t\t<div class=\"elementor-post__excerpt\">\n\t\t\t<p>En rigtig dejlig sommert\u00e6rte med b\u00e6r, der selvom det er gr\u00e5t, bl\u00e6sende og koldt udenfor kan f\u00e5 en til at t\u00e6nke p\u00e5 sol og sommer.Styrligheden<\/p>\n\t\t<\/div>\n\t\t\n\t\t<a class=\"elementor-post__read-more\" href=\"https:\/\/furlandkager.dk\/index.php\/2020\/05\/24\/baertaerte-med-pistaciemazarin\/\" aria-label=\"Read more about B\u00e6rt\u00e6rte med pistaciemazarin\" tabindex=\"-1\" >\n\t\t\tSe mere \u00bb\t\t<\/a>\n\n\t\t\t\t<\/div>\n\t\t\t\t<\/article>\n\t\t\t\t<article class=\"elementor-post elementor-grid-item post-658 post type-post status-publish format-standard has-post-thumbnail hentry category-dessert category-paaskekager category-sommer category-udvalgte tag-alle-opskrifter tag-desserter entry has-media\">\n\t\t\t\t<a class=\"elementor-post__thumbnail__link\" href=\"https:\/\/furlandkager.dk\/index.php\/2019\/04\/21\/mini-pavlova-med-passionsfrugt-og-mascarponecreme\/\" tabindex=\"-1\" >\n\t\t\t<div class=\"elementor-post__thumbnail\"><img decoding=\"async\" width=\"300\" height=\"200\" src=\"https:\/\/furlandkager.dk\/wp-content\/uploads\/2019\/04\/pavlova2wordpress22.png\" class=\"attachment-medium size-medium wp-image-845\" alt=\"\" \/><\/div>\n\t\t<\/a>\n\t\t\t\t<div class=\"elementor-post__text\">\n\t\t\t\t<h3 class=\"elementor-post__title\">\n\t\t\t<a href=\"https:\/\/furlandkager.dk\/index.php\/2019\/04\/21\/mini-pavlova-med-passionsfrugt-og-mascarponecreme\/\" >\n\t\t\t\tMini pavlova med passionsfrugt og mascarponecreme\t\t\t<\/a>\n\t\t<\/h3>\n\t\t\t\t<div class=\"elementor-post__excerpt\">\n\t\t\t<p>Jeg har l\u00e6nge fuldt en kvinde p\u00e5 instagram, der hedder Ashley, og hun laver de flotteste retter og tager s\u00e5dan nogle flotte billeder af hendes<\/p>\n\t\t<\/div>\n\t\t\n\t\t<a class=\"elementor-post__read-more\" href=\"https:\/\/furlandkager.dk\/index.php\/2019\/04\/21\/mini-pavlova-med-passionsfrugt-og-mascarponecreme\/\" aria-label=\"Read more about Mini pavlova med passionsfrugt og mascarponecreme\" tabindex=\"-1\" >\n\t\t\tSe mere \u00bb\t\t<\/a>\n\n\t\t\t\t<\/div>\n\t\t\t\t<\/article>\n\t\t\t\t<\/div>\n\t\t\n\t\t\t\t\t\t<\/div>\n\t\t\t\t<\/div>\n\t\t\t\t<div class=\"elementor-element elementor-element-8c90f13 elementor-widget elementor-widget-heading\" data-id=\"8c90f13\" data-element_type=\"widget\" data-e-type=\"widget\" data-widget_type=\"heading.default\">\n\t\t\t\t<div class=\"elementor-widget-container\">\n\t\t\t\t\t<h2 class=\"elementor-heading-title elementor-size-large\">Nyeste Opskrifter<\/h2>\t\t\t\t<\/div>\n\t\t\t\t<\/div>\n\t\t\t\t<div class=\"elementor-element elementor-element-edb2591 elementor-grid-1 elementor-grid-tablet-2 elementor-grid-mobile-1 elementor-posts--thumbnail-top elementor-widget elementor-widget-posts\" data-id=\"edb2591\" data-element_type=\"widget\" data-e-type=\"widget\" data-settings=\"{&quot;classic_columns&quot;:&quot;1&quot;,&quot;classic_row_gap&quot;:{&quot;unit&quot;:&quot;px&quot;,&quot;size&quot;:13,&quot;sizes&quot;:[]},&quot;classic_columns_tablet&quot;:&quot;2&quot;,&quot;classic_columns_mobile&quot;:&quot;1&quot;,&quot;classic_row_gap_tablet&quot;:{&quot;unit&quot;:&quot;px&quot;,&quot;size&quot;:&quot;&quot;,&quot;sizes&quot;:[]},&quot;classic_row_gap_mobile&quot;:{&quot;unit&quot;:&quot;px&quot;,&quot;size&quot;:&quot;&quot;,&quot;sizes&quot;:[]}}\" data-widget_type=\"posts.classic\">\n\t\t\t\t<div class=\"elementor-widget-container\">\n\t\t\t\t\t\t\t<div class=\"elementor-posts-container elementor-posts elementor-posts--skin-classic elementor-grid\">\n\t\t\t\t<article class=\"elementor-post elementor-grid-item post-1293 post type-post status-publish format-standard has-post-thumbnail hentry category-blog category-dessert category-paaskekager tag-alle-opskrifter tag-desserter entry has-media\">\n\t\t\t\t<a class=\"elementor-post__thumbnail__link\" href=\"https:\/\/furlandkager.dk\/index.php\/2022\/04\/12\/paaskeaeg-med-cheesecake-fyld\/\" tabindex=\"-1\" >\n\t\t\t<div class=\"elementor-post__thumbnail\"><img decoding=\"async\" width=\"768\" height=\"512\" src=\"https:\/\/furlandkager.dk\/wp-content\/uploads\/2022\/04\/paaskeaeg02_wordpress-768x512.png\" class=\"attachment-medium_large size-medium_large wp-image-1295\" alt=\"\" srcset=\"https:\/\/furlandkager.dk\/wp-content\/uploads\/2022\/04\/paaskeaeg02_wordpress-768x512.png 768w, https:\/\/furlandkager.dk\/wp-content\/uploads\/2022\/04\/paaskeaeg02_wordpress-300x200.png 300w, https:\/\/furlandkager.dk\/wp-content\/uploads\/2022\/04\/paaskeaeg02_wordpress-1024x682.png 1024w, https:\/\/furlandkager.dk\/wp-content\/uploads\/2022\/04\/paaskeaeg02_wordpress.png 1394w\" sizes=\"(max-width: 768px) 100vw, 768px\" \/><\/div>\n\t\t<\/a>\n\t\t\t\t<div class=\"elementor-post__text\">\n\t\t\t\t<h3 class=\"elementor-post__title\">\n\t\t\t<a href=\"https:\/\/furlandkager.dk\/index.php\/2022\/04\/12\/paaskeaeg-med-cheesecake-fyld\/\" >\n\t\t\t\tP\u00e5ske\u00e6g med cheesecake fyld\t\t\t<\/a>\n\t\t<\/h3>\n\t\t\t\t<div class=\"elementor-post__excerpt\">\n\t\t\t<p>Mangler du en nem og hurtigt dessert, der g\u00e5r lige godt ind hos store og sm\u00e5? S\u00e5 pr\u00f8v de her cheesecake fyldte p\u00e5ske\u00e6g. Sammenlagt tager det ikke meget l\u00e6ngere end en times tid at f\u00e5 de her \u00e6g samlet, men de skal dog lige st\u00e5 en times tid eller to<\/p>\n\t\t<\/div>\n\t\t\n\t\t<a class=\"elementor-post__read-more\" href=\"https:\/\/furlandkager.dk\/index.php\/2022\/04\/12\/paaskeaeg-med-cheesecake-fyld\/\" aria-label=\"Read more about P\u00e5ske\u00e6g med cheesecake fyld\" tabindex=\"-1\" >\n\t\t\tSe mere \u00bb\t\t<\/a>\n\n\t\t\t\t<\/div>\n\t\t\t\t<\/article>\n\t\t\t\t<article class=\"elementor-post elementor-grid-item post-1137 post type-post status-publish format-standard has-post-thumbnail hentry category-blog category-kager category-paaskekager tag-alle-opskrifter tag-kager entry has-media\">\n\t\t\t\t<a class=\"elementor-post__thumbnail__link\" href=\"https:\/\/furlandkager.dk\/index.php\/2021\/03\/29\/paaskekagecitronogchokol\/\" tabindex=\"-1\" >\n\t\t\t<div class=\"elementor-post__thumbnail\"><img loading=\"lazy\" decoding=\"async\" width=\"768\" height=\"512\" src=\"https:\/\/furlandkager.dk\/wp-content\/uploads\/2021\/03\/Paaske2-02-wordpress-768x512.jpg\" class=\"attachment-medium_large size-medium_large wp-image-1138\" alt=\"\" srcset=\"https:\/\/furlandkager.dk\/wp-content\/uploads\/2021\/03\/Paaske2-02-wordpress-768x512.jpg 768w, https:\/\/furlandkager.dk\/wp-content\/uploads\/2021\/03\/Paaske2-02-wordpress-300x200.jpg 300w, https:\/\/furlandkager.dk\/wp-content\/uploads\/2021\/03\/Paaske2-02-wordpress-1024x682.jpg 1024w, https:\/\/furlandkager.dk\/wp-content\/uploads\/2021\/03\/Paaske2-02-wordpress-1536x1024.jpg 1536w, https:\/\/furlandkager.dk\/wp-content\/uploads\/2021\/03\/Paaske2-02-wordpress-2048x1365.jpg 2048w\" sizes=\"(max-width: 768px) 100vw, 768px\" \/><\/div>\n\t\t<\/a>\n\t\t\t\t<div class=\"elementor-post__text\">\n\t\t\t\t<h3 class=\"elementor-post__title\">\n\t\t\t<a href=\"https:\/\/furlandkager.dk\/index.php\/2021\/03\/29\/paaskekagecitronogchokol\/\" >\n\t\t\t\tP\u00e5skekage med citron og chokolade\t\t\t<\/a>\n\t\t<\/h3>\n\t\t\t\t<div class=\"elementor-post__excerpt\">\n\t\t\t<p>Leder du efter en l\u00e6kker og nem kage her til p\u00e5ske, s\u00e5 beh\u00f8ver du ikke lede l\u00e6ngere. Denne l\u00e6kre p\u00e5skekage best\u00e5r af en citronmazarin, en bl\u00f8d m\u00e6lkechokoladecreme og er pyntet af med farverige p\u00e5ske\u00e6g med marcipan. Selvom kagen i sig selv ikke er tidskr\u00e6vende, skal chokoladecremen laves dagen f\u00f8r, da<\/p>\n\t\t<\/div>\n\t\t\n\t\t<a class=\"elementor-post__read-more\" href=\"https:\/\/furlandkager.dk\/index.php\/2021\/03\/29\/paaskekagecitronogchokol\/\" aria-label=\"Read more about P\u00e5skekage med citron og chokolade\" tabindex=\"-1\" >\n\t\t\tSe mere \u00bb\t\t<\/a>\n\n\t\t\t\t<\/div>\n\t\t\t\t<\/article>\n\t\t\t\t<\/div>\n\t\t\n\t\t\t\t\t\t<\/div>\n\t\t\t\t<\/div>\n\t\t\t\t\t<\/div>\n\t\t<\/div>\n\t\t\t\t<div class=\"elementor-column elementor-col-33 elementor-inner-column elementor-element elementor-element-6bfd9d5\" data-id=\"6bfd9d5\" data-element_type=\"column\" data-e-type=\"column\">\n\t\t\t<div class=\"elementor-widget-wrap\">\n\t\t\t\t\t\t\t<\/div>\n\t\t<\/div>\n\t\t\t\t<div class=\"elementor-column elementor-col-33 elementor-inner-column elementor-element elementor-element-6f854e8\" data-id=\"6f854e8\" data-element_type=\"column\" data-e-type=\"column\">\n\t\t\t<div class=\"elementor-widget-wrap elementor-element-populated\">\n\t\t\t\t\t\t<div class=\"elementor-element elementor-element-07eda68 elementor-widget elementor-widget-heading\" data-id=\"07eda68\" data-element_type=\"widget\" data-e-type=\"widget\" data-widget_type=\"heading.default\">\n\t\t\t\t<div class=\"elementor-widget-container\">\n\t\t\t\t\t<h2 class=\"elementor-heading-title elementor-size-large\">Hej og Velkommen til!<\/h2>\t\t\t\t<\/div>\n\t\t\t\t<\/div>\n\t\t\t\t<div class=\"elementor-element elementor-element-56acb42 elementor-widget elementor-widget-image\" data-id=\"56acb42\" data-element_type=\"widget\" data-e-type=\"widget\" data-widget_type=\"image.default\">\n\t\t\t\t<div class=\"elementor-widget-container\">\n\t\t\t\t\t\t\t\t\t\t\t\t\t\t\t<img loading=\"lazy\" decoding=\"async\" width=\"643\" height=\"858\" src=\"https:\/\/furlandkager.dk\/wp-content\/uploads\/2020\/05\/julescruniche6.jpg\" class=\"attachment-large size-large wp-image-1097\" alt=\"\" \/>\t\t\t\t\t\t\t\t\t\t\t\t\t\t\t<\/div>\n\t\t\t\t<\/div>\n\t\t\t\t<div class=\"elementor-element elementor-element-562e3ba elementor-widget elementor-widget-spacer\" data-id=\"562e3ba\" data-element_type=\"widget\" data-e-type=\"widget\" data-widget_type=\"spacer.default\">\n\t\t\t\t<div class=\"elementor-widget-container\">\n\t\t\t\t\t\t\t<div class=\"elementor-spacer\">\n\t\t\t<div class=\"elementor-spacer-inner\"><\/div>\n\t\t<\/div>\n\t\t\t\t\t\t<\/div>\n\t\t\t\t<\/div>\n\t\t\t\t<div class=\"elementor-element elementor-element-ce7ad9c elementor-widget elementor-widget-heading\" data-id=\"ce7ad9c\" data-element_type=\"widget\" data-e-type=\"widget\" data-widget_type=\"heading.default\">\n\t\t\t\t<div class=\"elementor-widget-container\">\n\t\t\t\t\t<h4 class=\"elementor-heading-title elementor-size-default\">Iben Pauline Furland<\/h4>\t\t\t\t<\/div>\n\t\t\t\t<\/div>\n\t\t\t\t<div class=\"elementor-element elementor-element-0e364f2 elementor-widget elementor-widget-text-editor\" data-id=\"0e364f2\" data-element_type=\"widget\" data-e-type=\"widget\" data-widget_type=\"text-editor.default\">\n\t\t\t\t<div class=\"elementor-widget-container\">\n\t\t\t\t\t\t\t\t\t<p>Jeg hedder Iben og er en 25-\u00e5rig ingeni\u00f8rstuderende, der, en anelse usmart, bruger mere tid med en dejskraber i h\u00e5nden og mel p\u00e5 forkl\u00e6det, end med n\u00e6sen i b\u00f8gerne.<\/p><p>Her p\u00e5 min blog finder du opskrifter p\u00e5 lagkager, desserter og diverse andre l\u00e6kkerier. S\u00e5 leder du efter en lagkage til f\u00f8dselsdagen, sm\u00e5kager til en torsdag aften eller et dessertprojekt til s\u00f8ndagsmiddagen, s\u00e5 er du landet det rigtige sted.<\/p>\t\t\t\t\t\t\t\t<\/div>\n\t\t\t\t<\/div>\n\t\t\t\t<div class=\"elementor-element elementor-element-da2eb30 elementor-widget elementor-widget-heading\" data-id=\"da2eb30\" data-element_type=\"widget\" data-e-type=\"widget\" data-widget_type=\"heading.default\">\n\t\t\t\t<div class=\"elementor-widget-container\">\n\t\t\t\t\t<div class=\"elementor-heading-title elementor-size-default\">God bagelyst\n- Iben<\/div>\t\t\t\t<\/div>\n\t\t\t\t<\/div>\n\t\t\t\t<div class=\"elementor-element elementor-element-520dde2 elementor-widget elementor-widget-sidebar\" data-id=\"520dde2\" data-element_type=\"widget\" data-e-type=\"widget\" data-widget_type=\"sidebar.default\">\n\t\t\t\t<div class=\"elementor-widget-container\">\n\t\t\t\t\t<div id=\"search-2\" class=\"sidebar-box widget_search clr\"><h4 class=\"widget-title\">S\u00f8g p\u00e5 bloggen<\/h4>\n<form aria-label=\"Search this website\" role=\"search\" method=\"get\" class=\"searchform\" action=\"https:\/\/furlandkager.dk\/\">\t\n\t<input aria-label=\"Insert search query\" type=\"search\" id=\"ocean-search-form-1\" class=\"field\" autocomplete=\"off\" placeholder=\"S\u00f8gning\" name=\"s\">\n\t\t\t<input type=\"hidden\" name=\"post_type\" value=\"post\">\n\t\t<\/form>\n<\/div><div id=\"text-4\" class=\"sidebar-box widget_text clr\"><h4 class=\"widget-title\">Instagram<\/h4>\t\t\t<div class=\"textwidget\">\n<div id=\"sb_instagram\"  class=\"sbi sbi_mob_col_2 sbi_tab_col_2 sbi_col_2 sbi_width_resp\" style=\"padding-bottom: 10px;\"\t data-feedid=\"*1\"  data-res=\"auto\" data-cols=\"2\" data-colsmobile=\"2\" data-colstablet=\"2\" data-num=\"8\" data-nummobile=\"8\" data-item-padding=\"5\"\t data-shortcode-atts=\"{&quot;feed&quot;:&quot;1&quot;}\"  data-postid=\"\" data-locatornonce=\"a0df9af0e6\" data-imageaspectratio=\"1:1\" data-sbi-flags=\"favorLocal\">\n\t\n\t<div id=\"sbi_images\"  style=\"gap: 10px;\">\n\t\t\t<\/div>\n\n\t<div id=\"sbi_load\" >\n\n\t\n\t\t\t<span class=\"sbi_follow_btn sbi_custom\" >\n\t\t\t<a target=\"_blank\"\n\t\t\t\trel=\"nofollow noopener\"  href=\"https:\/\/www.instagram.com\/17841409145125833\/\" style=\"background: rgb(164,187,134);\">\n\t\t\t\t<svg class=\"svg-inline--fa fa-instagram fa-w-14\" aria-hidden=\"true\" data-fa-processed=\"\" aria-label=\"Instagram\" data-prefix=\"fab\" data-icon=\"instagram\" role=\"img\" viewBox=\"0 0 448 512\">\n                    <path fill=\"currentColor\" d=\"M224.1 141c-63.6 0-114.9 51.3-114.9 114.9s51.3 114.9 114.9 114.9S339 319.5 339 255.9 287.7 141 224.1 141zm0 189.6c-41.1 0-74.7-33.5-74.7-74.7s33.5-74.7 74.7-74.7 74.7 33.5 74.7 74.7-33.6 74.7-74.7 74.7zm146.4-194.3c0 14.9-12 26.8-26.8 26.8-14.9 0-26.8-12-26.8-26.8s12-26.8 26.8-26.8 26.8 12 26.8 26.8zm76.1 27.2c-1.7-35.9-9.9-67.7-36.2-93.9-26.2-26.2-58-34.4-93.9-36.2-37-2.1-147.9-2.1-184.9 0-35.8 1.7-67.6 9.9-93.9 36.1s-34.4 58-36.2 93.9c-2.1 37-2.1 147.9 0 184.9 1.7 35.9 9.9 67.7 36.2 93.9s58 34.4 93.9 36.2c37 2.1 147.9 2.1 184.9 0 35.9-1.7 67.7-9.9 93.9-36.2 26.2-26.2 34.4-58 36.2-93.9 2.1-37 2.1-147.8 0-184.8zM398.8 388c-7.8 19.6-22.9 34.7-42.6 42.6-29.5 11.7-99.5 9-132.1 9s-102.7 2.6-132.1-9c-19.6-7.8-34.7-22.9-42.6-42.6-11.7-29.5-9-99.5-9-132.1s-2.6-102.7 9-132.1c7.8-19.6 22.9-34.7 42.6-42.6 29.5-11.7 99.5-9 132.1-9s102.7-2.6 132.1 9c19.6 7.8 34.7 22.9 42.6 42.6 11.7 29.5 9 99.5 9 132.1s2.7 102.7-9 132.1z\"><\/path>\n                <\/svg>\t\t\t\t<span>F\u00f8l mig p\u00e5 instagram<\/span>\n\t\t\t<\/a>\n\t\t<\/span>\n\t\n<\/div>\n\t\t<span class=\"sbi_resized_image_data\" data-feed-id=\"*1\"\n\t\t  data-resized=\"[]\">\n\t<\/span>\n\t<\/div>\n\n\t<style type=\"text\/css\">\n\t\t\t\t\t\t#sb_instagram .sbi_follow_btn a:hover,\n\t\t#sb_instagram .sbi_follow_btn a:focus {\n\t\t\toutline: none;\n\t\t\tbox-shadow: inset 0 0 10px 20px#93A182;\n\t\t}\n\n\t\t\t<\/style>\n\t\n<\/div>\n\t\t<\/div>\t\t\t\t<\/div>\n\t\t\t\t<\/div>\n\t\t\t\t\t<\/div>\n\t\t<\/div>\n\t\t\t\t\t<\/div>\n\t\t<\/section>\n\t\t\t\t\t<\/div>\n\t\t<\/div>\n\t\t\t\t\t<\/div>\n\t\t<\/section>\n\t\t\t\t<\/div>\n\t\t","protected":false},"excerpt":{"rendered":"<p>Forslag til sommerens fritelser Nyeste Opskrifter Hej og Velkommen til! Iben Pauline Furland Jeg hedder Iben og er en 25-\u00e5rig ingeni\u00f8rstuderende, der, en anelse usmart, bruger mere tid med en dejskraber i h\u00e5nden og mel p\u00e5 forkl\u00e6det, end med n\u00e6sen i b\u00f8gerne. Her p\u00e5 min blog finder du opskrifter p\u00e5 lagkager, desserter og diverse andre [&hellip;]<\/p>\n","protected":false},"author":2,"featured_media":0,"parent":0,"menu_order":0,"comment_status":"closed","ping_status":"closed","template":"elementor_header_footer","meta":{"_monsterinsights_skip_tracking":false,"_monsterinsights_sitenote_active":false,"_monsterinsights_sitenote_note":"","_monsterinsights_sitenote_category":0,"ocean_post_layout":"","ocean_both_sidebars_style":"","ocean_both_sidebars_content_width":0,"ocean_both_sidebars_sidebars_width":0,"ocean_sidebar":"0","ocean_second_sidebar":"0","ocean_disable_margins":"enable","ocean_add_body_class":"","ocean_shortcode_before_top_bar":"","ocean_shortcode_after_top_bar":"","ocean_shortcode_before_header":"","ocean_shortcode_after_header":"","ocean_has_shortcode":"","ocean_shortcode_after_title":"","ocean_shortcode_before_footer_widgets":"","ocean_shortcode_after_footer_widgets":"","ocean_shortcode_before_footer_bottom":"","ocean_shortcode_after_footer_bottom":"","ocean_display_top_bar":"default","ocean_display_header":"default","ocean_header_style":"","ocean_center_header_left_menu":"0","ocean_custom_header_template":"0","ocean_custom_logo":0,"ocean_custom_retina_logo":0,"ocean_custom_logo_max_width":0,"ocean_custom_logo_tablet_max_width":0,"ocean_custom_logo_mobile_max_width":0,"ocean_custom_logo_max_height":0,"ocean_custom_logo_tablet_max_height":0,"ocean_custom_logo_mobile_max_height":0,"ocean_header_custom_menu":"0","ocean_menu_typo_font_family":"0","ocean_menu_typo_font_subset":"","ocean_menu_typo_font_size":0,"ocean_menu_typo_font_size_tablet":0,"ocean_menu_typo_font_size_mobile":0,"ocean_menu_typo_font_size_unit":"px","ocean_menu_typo_font_weight":"","ocean_menu_typo_font_weight_tablet":"","ocean_menu_typo_font_weight_mobile":"","ocean_menu_typo_transform":"","ocean_menu_typo_transform_tablet":"","ocean_menu_typo_transform_mobile":"","ocean_menu_typo_line_height":0,"ocean_menu_typo_line_height_tablet":0,"ocean_menu_typo_line_height_mobile":0,"ocean_menu_typo_line_height_unit":"","ocean_menu_typo_spacing":0,"ocean_menu_typo_spacing_tablet":0,"ocean_menu_typo_spacing_mobile":0,"ocean_menu_typo_spacing_unit":"","ocean_menu_link_color":"","ocean_menu_link_color_hover":"","ocean_menu_link_color_active":"","ocean_menu_link_background":"","ocean_menu_link_hover_background":"","ocean_menu_link_active_background":"","ocean_menu_social_links_bg":"","ocean_menu_social_hover_links_bg":"","ocean_menu_social_links_color":"","ocean_menu_social_hover_links_color":"","ocean_disable_title":"on","ocean_disable_heading":"default","ocean_post_title":"","ocean_post_subheading":"","ocean_post_title_style":"","ocean_post_title_background_color":"","ocean_post_title_background":0,"ocean_post_title_bg_image_position":"","ocean_post_title_bg_image_attachment":"","ocean_post_title_bg_image_repeat":"","ocean_post_title_bg_image_size":"","ocean_post_title_height":0,"ocean_post_title_bg_overlay":0.5,"ocean_post_title_bg_overlay_color":"","ocean_disable_breadcrumbs":"default","ocean_breadcrumbs_color":"","ocean_breadcrumbs_separator_color":"","ocean_breadcrumbs_links_color":"","ocean_breadcrumbs_links_hover_color":"","ocean_display_footer_widgets":"off","ocean_display_footer_bottom":"default","ocean_custom_footer_template":"0","footnotes":""},"class_list":["post-95","page","type-page","status-publish","hentry","entry","has-media"],"rttpg_featured_image_url":null,"rttpg_author":{"display_name":"Iben Furland","author_link":"https:\/\/furlandkager.dk\/index.php\/author\/iben\/"},"rttpg_comment":0,"rttpg_category":"","rttpg_excerpt":"Forslag til sommerens fritelser Nyeste Opskrifter Hej og Velkommen til! Iben Pauline Furland Jeg hedder Iben og er en 25-\u00e5rig ingeni\u00f8rstuderende, der, en anelse usmart, bruger mere tid med en dejskraber i h\u00e5nden og mel p\u00e5 forkl\u00e6det, end med n\u00e6sen i b\u00f8gerne. Her p\u00e5 min blog finder du opskrifter p\u00e5 lagkager, desserter og diverse andre&hellip;","_links":{"self":[{"href":"https:\/\/furlandkager.dk\/index.php\/wp-json\/wp\/v2\/pages\/95","targetHints":{"allow":["GET"]}}],"collection":[{"href":"https:\/\/furlandkager.dk\/index.php\/wp-json\/wp\/v2\/pages"}],"about":[{"href":"https:\/\/furlandkager.dk\/index.php\/wp-json\/wp\/v2\/types\/page"}],"author":[{"embeddable":true,"href":"https:\/\/furlandkager.dk\/index.php\/wp-json\/wp\/v2\/users\/2"}],"replies":[{"embeddable":true,"href":"https:\/\/furlandkager.dk\/index.php\/wp-json\/wp\/v2\/comments?post=95"}],"version-history":[{"count":106,"href":"https:\/\/furlandkager.dk\/index.php\/wp-json\/wp\/v2\/pages\/95\/revisions"}],"predecessor-version":[{"id":1337,"href":"https:\/\/furlandkager.dk\/index.php\/wp-json\/wp\/v2\/pages\/95\/revisions\/1337"}],"wp:attachment":[{"href":"https:\/\/furlandkager.dk\/index.php\/wp-json\/wp\/v2\/media?parent=95"}],"curies":[{"name":"wp","href":"https:\/\/api.w.org\/{rel}","templated":true}]}}